{"id":38,"date":"2024-07-29T16:36:24","date_gmt":"2024-07-29T16:36:24","guid":{"rendered":"https:\/\/greenflyn.com\/?page_id=38"},"modified":"2025-12-23T15:42:08","modified_gmt":"2025-12-23T15:42:08","slug":"about","status":"publish","type":"page","link":"https:\/\/greenflyn.com\/es\/about\/","title":{"rendered":"En"},"content":{"rendered":"<div class=\"mx-5 sm:mx-0 prose leading-relaxed text-lg mb-5 text-left wp-paragraph\">\n<p>Green Flyn es una plataforma independiente dedicada a brindar informaci\u00f3n clara y confiable sobre oportunidades laborales, trayectorias profesionales y desarrollo personal y profesional. Publicamos contenido actualizado sobre las vacantes disponibles, as\u00ed como orientaci\u00f3n pr\u00e1ctica para quienes buscan crecimiento profesional, reincorporarse al mercado laboral o explorar nuevas trayectorias profesionales con mayor preparaci\u00f3n y conocimiento.<\/p>\n<\/div><div class=\"mx-5 sm:mx-0 prose leading-relaxed text-lg mb-5 text-left wp-paragraph\">\n<p>En un panorama profesional en constante evoluci\u00f3n, la incertidumbre sobre qu\u00e9 pasos tomar es com\u00fan. Por eso, Green Flyn trabaja para simplificar los temas m\u00e1s relevantes relacionados con el trabajo, las cualificaciones y el desarrollo profesional, ofreciendo contenido directo basado en informaci\u00f3n p\u00fablica y sin promesas irrealistas.<\/p>\n<\/div><div class=\"mx-5 sm:mx-0 prose leading-relaxed text-lg mb-5 text-left wp-paragraph\">\n<p>Si bien compartimos informaci\u00f3n sobre vacantes, tendencias del mercado y trayectorias profesionales, es importante aclarar que Green Flyn no act\u00faa como una agencia de reclutamiento ni tiene afiliaci\u00f3n con los empleadores, empresas o instituciones mencionados en nuestro contenido. Nuestra funci\u00f3n es informar y guiar, no reclutar, seleccionar ni mediar en la contrataci\u00f3n.<\/p>\n<\/div><!--advertisement--><div class=\"mx-5 sm:mx-0 sm:text-3xl text-2xl font-medium title-font mb-4 text-gray-900 text-left\">\n<h2 class=\"wp-block-heading\">Nuestra misi\u00f3n<\/h2>\n<\/div><div class=\"mx-5 sm:mx-0 prose leading-relaxed text-lg mb-5 text-left wp-paragraph\">\n<p>Nuestra misi\u00f3n es brindar conocimiento accesible y \u00fatil a quienes buscan empleo, transici\u00f3n profesional, desarrollo de habilidades o crecimiento personal. Trabajamos con responsabilidad editorial para garantizar que encuentre informaci\u00f3n relevante y actualizada, acorde con las realidades del mercado laboral.<\/p>\n<\/div><div class=\"mx-5 sm:mx-0 prose leading-relaxed text-lg mb-5 text-left wp-paragraph\">\n<p>Ya sea que est\u00e9 comenzando su carrera, est\u00e9 atravesando un cambio profesional o ya tenga experiencia, Green Flyn existe para apoyarle en decisiones m\u00e1s informadas y conscientes, respetando siempre sus objetivos individuales.<\/p>\n<\/div><!--advertisement--><div class=\"mx-5 sm:mx-0 sm:text-3xl text-2xl font-medium title-font mb-4 text-gray-900 text-left\">\n<h2 class=\"wp-block-heading\">Lo que encuentras aqu\u00ed<\/h2>\n<\/div><div class=\"mx-5 sm:mx-0 prose leading-relaxed text-lg mb-5 text-left wp-paragraph\">\n<p>Nuestro contenido est\u00e1 estructurado para acompa\u00f1ar todas las etapas de la vida profesional, centr\u00e1ndose en las necesidades reales de quienes buscan mejorar su trayectoria profesional:<\/p>\n<\/div><div class=\"mx-5 sm:mx-0 prose leading-relaxed text-lg mb-5 text-left wp-paragraph\">\n<p>\ud83d\udd39 <strong>Ofertas de empleo actualizadas<\/strong><strong><br><\/strong> Informaci\u00f3n sobre oportunidades reales en empresas de diferentes sectores. Hemos recopilado vacantes p\u00fablicas y destacado los criterios m\u00e1s comunes que exigen los empleadores.<\/p>\n<\/div><div class=\"mx-5 sm:mx-0 prose leading-relaxed text-lg mb-5 text-left wp-paragraph\">\n<p>\ud83d\udd39 <strong>Consejos para la solicitud y el reempleo<\/strong><strong><br><\/strong> Orientaci\u00f3n sobre c\u00f3mo elaborar un buen curr\u00edculum, escribir una buena carta de presentaci\u00f3n, prepararse para entrevistas y destacar en los procesos de selecci\u00f3n.<\/p>\n<\/div><div class=\"mx-5 sm:mx-0 prose leading-relaxed text-lg mb-5 text-left wp-paragraph\">\n<p>\ud83d\udd39 <strong>Desarrollo personal y profesional<br><\/strong> Contenido que aborda habilidades conductuales, productividad, comunicaci\u00f3n efectiva, equilibrio emocional y otros aspectos que impulsan tu carrera.<\/p>\n<\/div><div class=\"mx-5 sm:mx-0 prose leading-relaxed text-lg mb-5 text-left wp-paragraph\">\n<p>\ud83d\udd39 <strong>Cursos y Formaci\u00f3n Profesional<\/strong><br>Contenido informativo sobre cursos, programas de formaci\u00f3n y programas de desarrollo de habilidades orientados a mejorar las capacidades profesionales. <\/p>\n<\/div><!--advertisement--><div class=\"mx-5 sm:mx-0 sm:text-3xl text-2xl font-medium title-font mb-4 text-gray-900 text-left\">\n<h2 class=\"wp-block-heading\">Nuestro enfoque<\/h2>\n<\/div><div class=\"mx-5 sm:mx-0 prose leading-relaxed text-lg mb-5 text-left wp-paragraph\">\n<p>Green Flyn opera de forma independiente, comprometida con la transparencia, la claridad y la \u00e9tica editorial. Todo el contenido se produce con base en fuentes p\u00fablicas, investigaci\u00f3n y an\u00e1lisis, sin interferencias de patrocinadores ni intereses comerciales.<\/p>\n<\/div><div class=\"mx-5 sm:mx-0 prose leading-relaxed text-lg mb-5 text-left wp-paragraph\">\n<p>Creemos que la informaci\u00f3n de calidad debe ser accesible. Por eso, nuestro contenido es gratuito y est\u00e1 dise\u00f1ado para p\u00fablicos diversos, desde quienes dan sus primeros pasos hasta quienes buscan un nuevo rumbo profesional.<\/p>\n<\/div><div class=\"mx-5 sm:mx-0 prose leading-relaxed text-lg mb-5 text-left wp-paragraph\">\n<p>Estamos aqu\u00ed para informarte, guiarte y apoyarte, con responsabilidad y respeto, manteniendo nuestro foco en lo que realmente importa: ayudarte a comprender mejor el mercado laboral y tomar decisiones profesionales con m\u00e1s seguridad y confianza.<\/p>\n<\/div>","protected":false},"excerpt":{"rendered":"<p>Green Flyn es una plataforma independiente dedicada a brindar informaci\u00f3n clara y confiable sobre oportunidades laborales, desarrollo profesional y crecimiento personal y profesional. Publicamos contenido actualizado sobre ofertas de empleo disponibles, as\u00ed como orientaci\u00f3n pr\u00e1ctica para quienes buscan crecimiento profesional, reincorporarse al mercado laboral o explorar nuevas trayectorias profesionales con una mejor preparaci\u00f3n. <a class=\"more-link\" href=\"https:\/\/greenflyn.com\/es\/about\/\">Sigue leyendo <span class=\"screen-reader-text\">En<\/span><\/a><\/p>","protected":false},"author":20,"featured_media":0,"parent":0,"menu_order":0,"comment_status":"closed","ping_status":"closed","template":"","meta":{"footnotes":""},"yoast_head":"<!-- This site is optimized with the Yoast SEO plugin v23.3 - https:\/\/yoast.com\/wordpress\/plugins\/seo\/ -->\n<title>Sobre - Green Flyn<\/title>\n<meta name=\"robots\" content=\"index, follow, max-snippet:-1, max-image-preview:large, max-video-preview:-1\" \/>\n<link rel=\"canonical\" href=\"https:\/\/greenflyn.com\/es\/about\/\" \/>\n<meta property=\"og:locale\" content=\"es_MX\" \/>\n<meta property=\"og:type\" content=\"article\" \/>\n<meta property=\"og:title\" content=\"Sobre - Green Flyn\" \/>\n<meta property=\"og:description\" content=\"A Green Flyn \u00e9 uma plataforma independente dedicada a oferecer informa\u00e7\u00f5es claras e confi\u00e1veis sobre oportunidades de emprego, carreira e desenvolvimento pessoal e profissional. Publicamos conte\u00fados atualizados sobre vagas dispon\u00edveis no mercado, al\u00e9m de orienta\u00e7\u00f5es pr\u00e1ticas para quem busca crescer profissionalmente, se recolocar no mercado de trabalho ou avaliar novos caminhos com mais preparo e&hellip; Continue reading Sobre\" \/>\n<meta property=\"og:url\" content=\"https:\/\/greenflyn.com\/es\/about\/\" \/>\n<meta property=\"og:site_name\" content=\"Green Flyn\" \/>\n<meta property=\"article:modified_time\" content=\"2025-12-23T15:42:08+00:00\" \/>\n<meta name=\"twitter:card\" content=\"summary_large_image\" \/>\n<meta name=\"twitter:label1\" content=\"Est. reading time\" \/>\n\t<meta name=\"twitter:data1\" content=\"3 minutos\" \/>\n<script type=\"application\/ld+json\" class=\"yoast-schema-graph\">{\"@context\":\"https:\/\/schema.org\",\"@graph\":[{\"@type\":\"WebPage\",\"@id\":\"https:\/\/greenflyn.com\/about\/\",\"url\":\"https:\/\/greenflyn.com\/about\/\",\"name\":\"Sobre - Green Flyn\",\"isPartOf\":{\"@id\":\"https:\/\/greenflyn.com\/#website\"},\"datePublished\":\"2024-07-29T16:36:24+00:00\",\"dateModified\":\"2025-12-23T15:42:08+00:00\",\"breadcrumb\":{\"@id\":\"https:\/\/greenflyn.com\/about\/#breadcrumb\"},\"inLanguage\":\"es-MX\",\"potentialAction\":[{\"@type\":\"ReadAction\",\"target\":[\"https:\/\/greenflyn.com\/about\/\"]}]},{\"@type\":\"BreadcrumbList\",\"@id\":\"https:\/\/greenflyn.com\/about\/#breadcrumb\",\"itemListElement\":[{\"@type\":\"ListItem\",\"position\":1,\"name\":\"Home\",\"item\":\"https:\/\/greenflyn.com\/\"},{\"@type\":\"ListItem\",\"position\":2,\"name\":\"Sobre\"}]},{\"@type\":\"WebSite\",\"@id\":\"https:\/\/greenflyn.com\/#website\",\"url\":\"https:\/\/greenflyn.com\/\",\"name\":\"Green Flyn\",\"description\":\"\",\"potentialAction\":[{\"@type\":\"SearchAction\",\"target\":{\"@type\":\"EntryPoint\",\"urlTemplate\":\"https:\/\/greenflyn.com\/?s={search_term_string}\"},\"query-input\":\"required name=search_term_string\"}],\"inLanguage\":\"es-MX\"}]}<\/script>\n<!-- \/ Yoast SEO plugin. -->","yoast_head_json":{"title":"Sobre - Green Flyn","robots":{"index":"index","follow":"follow","max-snippet":"max-snippet:-1","max-image-preview":"max-image-preview:large","max-video-preview":"max-video-preview:-1"},"canonical":"https:\/\/greenflyn.com\/es\/about\/","og_locale":"es_MX","og_type":"article","og_title":"Sobre - Green Flyn","og_description":"A Green Flyn \u00e9 uma plataforma independente dedicada a oferecer informa\u00e7\u00f5es claras e confi\u00e1veis sobre oportunidades de emprego, carreira e desenvolvimento pessoal e profissional. Publicamos conte\u00fados atualizados sobre vagas dispon\u00edveis no mercado, al\u00e9m de orienta\u00e7\u00f5es pr\u00e1ticas para quem busca crescer profissionalmente, se recolocar no mercado de trabalho ou avaliar novos caminhos com mais preparo e&hellip; Continue reading Sobre","og_url":"https:\/\/greenflyn.com\/es\/about\/","og_site_name":"Green Flyn","article_modified_time":"2025-12-23T15:42:08+00:00","twitter_card":"summary_large_image","twitter_misc":{"Est. reading time":"3 minutos"},"schema":{"@context":"https:\/\/schema.org","@graph":[{"@type":"WebPage","@id":"https:\/\/greenflyn.com\/about\/","url":"https:\/\/greenflyn.com\/about\/","name":"Sobre - Green Flyn","isPartOf":{"@id":"https:\/\/greenflyn.com\/#website"},"datePublished":"2024-07-29T16:36:24+00:00","dateModified":"2025-12-23T15:42:08+00:00","breadcrumb":{"@id":"https:\/\/greenflyn.com\/about\/#breadcrumb"},"inLanguage":"es-MX","potentialAction":[{"@type":"ReadAction","target":["https:\/\/greenflyn.com\/about\/"]}]},{"@type":"BreadcrumbList","@id":"https:\/\/greenflyn.com\/about\/#breadcrumb","itemListElement":[{"@type":"ListItem","position":1,"name":"Home","item":"https:\/\/greenflyn.com\/"},{"@type":"ListItem","position":2,"name":"Sobre"}]},{"@type":"WebSite","@id":"https:\/\/greenflyn.com\/#website","url":"https:\/\/greenflyn.com\/","name":"Green Flyn","description":"","potentialAction":[{"@type":"SearchAction","target":{"@type":"EntryPoint","urlTemplate":"https:\/\/greenflyn.com\/?s={search_term_string}"},"query-input":"required name=search_term_string"}],"inLanguage":"es-MX"}]}},"_links":{"self":[{"href":"https:\/\/greenflyn.com\/es\/wp-json\/wp\/v2\/pages\/38"}],"collection":[{"href":"https:\/\/greenflyn.com\/es\/wp-json\/wp\/v2\/pages"}],"about":[{"href":"https:\/\/greenflyn.com\/es\/wp-json\/wp\/v2\/types\/page"}],"author":[{"embeddable":true,"href":"https:\/\/greenflyn.com\/es\/wp-json\/wp\/v2\/users\/20"}],"replies":[{"embeddable":true,"href":"https:\/\/greenflyn.com\/es\/wp-json\/wp\/v2\/comments?post=38"}],"version-history":[{"count":4,"href":"https:\/\/greenflyn.com\/es\/wp-json\/wp\/v2\/pages\/38\/revisions"}],"predecessor-version":[{"id":7688,"href":"https:\/\/greenflyn.com\/es\/wp-json\/wp\/v2\/pages\/38\/revisions\/7688"}],"wp:attachment":[{"href":"https:\/\/greenflyn.com\/es\/wp-json\/wp\/v2\/media?parent=38"}],"curies":[{"name":"wp","href":"https:\/\/api.w.org\/{rel}","templated":true}]}}